{"id":96,"date":"2020-05-05T12:15:09","date_gmt":"2020-05-05T10:15:09","guid":{"rendered":"http:\/\/la-malvoisine.fr\/?page_id=96"},"modified":"2022-07-27T17:47:06","modified_gmt":"2022-07-27T15:47:06","slug":"contact","status":"publish","type":"page","link":"https:\/\/la-malvoisine.fr\/?page_id=96","title":{"rendered":"Contacts"},"content":{"rendered":"\n<div class=\"wp-block-image is-style-default\"><figure class=\"alignleft size-medium is-resized\"><img loading=\"lazy\" decoding=\"async\" src=\"http:\/\/la-malvoisine.fr\/wp-content\/uploads\/2022\/07\/boutique-300x300.png\" alt=\"\" class=\"wp-image-281\" width=\"380\" height=\"380\" srcset=\"https:\/\/la-malvoisine.fr\/wp-content\/uploads\/2022\/07\/boutique-300x300.png 300w, https:\/\/la-malvoisine.fr\/wp-content\/uploads\/2022\/07\/boutique-1024x1024.png 1024w, https:\/\/la-malvoisine.fr\/wp-content\/uploads\/2022\/07\/boutique-150x150.png 150w, https:\/\/la-malvoisine.fr\/wp-content\/uploads\/2022\/07\/boutique-768x768.png 768w, https:\/\/la-malvoisine.fr\/wp-content\/uploads\/2022\/07\/boutique-100x100.png 100w, https:\/\/la-malvoisine.fr\/wp-content\/uploads\/2022\/07\/boutique.png 1200w\" sizes=\"auto, (max-width: 380px) 100vw, 380px\" \/><\/figure><\/div>\n\n\n\n<p><strong>Alain R\u00e9ty<\/strong><br><strong>Tel :<\/strong> 07 81 65 90 38<br><strong>Mail : <\/strong>cidrerie@la-malvoisine.fr<br><strong>Adresse :<\/strong> Cidrerie La Malvoisine, <br>Malvoisin, 56160 Plo\u00ebrdut <\/p>\n\n\n\n<p>La Boutique de la Cidrerie est ouverte du 15 juin au 15 septembre, le mercredi et le samedi, de 9h \u00e0 12h !<\/p>\n\n\n\n<p><em>Sinon merci de prendre rendez-vous avant<\/em><br><em>de venir \u00e0 la cidrerie<\/em>.<\/p>\n\n\n\n<p><\/p>\n\n\n\n<p><\/p>\n\n\n\n<iframe loading=\"lazy\" src=\"https:\/\/www.google.com\/maps\/embed?pb=!1m18!1m12!1m3!1d356.54592522959837!2d-3.3153996190457877!3d48.062348354914164!2m3!1f0!2f0!3f0!3m2!1i1024!2i768!4f13.1!3m3!1m2!1s0x4811ad034a5f24c9%3A0x7ec4073394d0ba05!2sMalvoisin%2C%2056160%20Plo%C3%ABrdut!5e0!3m2!1sfr!2sfr!4v1588689249762!5m2!1sfr!2sfr\" width=\"600\" height=\"450\" frameborder=\"0\" style=\"border:0;\" allowfullscreen=\"\" aria-hidden=\"false\" tabindex=\"0\"><\/iframe>\n\n\n\n<p><\/p>\n","protected":false},"excerpt":{"rendered":"<p>Alain R\u00e9tyTel : 07 81 65 90 38Mail : cidrerie@la-malvoisine.frAdresse : Cidrerie La Malvoisine, Malvoisin, 56160 Plo\u00ebrdut La Boutique de la Cidrerie est ouverte du 15 juin au 15 septembre, le mercredi et le samedi, de 9h \u00e0 12h ! Sinon merci de prendre rendez-vous avantde venir \u00e0 la cidrerie.<\/p>\n","protected":false},"author":2,"featured_media":0,"parent":0,"menu_order":0,"comment_status":"closed","ping_status":"closed","template":"","meta":{"footnotes":""},"class_list":["post-96","page","type-page","status-publish","hentry"],"_links":{"self":[{"href":"https:\/\/la-malvoisine.fr\/index.php?rest_route=\/wp\/v2\/pages\/96","targetHints":{"allow":["GET"]}}],"collection":[{"href":"https:\/\/la-malvoisine.fr\/index.php?rest_route=\/wp\/v2\/pages"}],"about":[{"href":"https:\/\/la-malvoisine.fr\/index.php?rest_route=\/wp\/v2\/types\/page"}],"author":[{"embeddable":true,"href":"https:\/\/la-malvoisine.fr\/index.php?rest_route=\/wp\/v2\/users\/2"}],"replies":[{"embeddable":true,"href":"https:\/\/la-malvoisine.fr\/index.php?rest_route=%2Fwp%2Fv2%2Fcomments&post=96"}],"version-history":[{"count":25,"href":"https:\/\/la-malvoisine.fr\/index.php?rest_route=\/wp\/v2\/pages\/96\/revisions"}],"predecessor-version":[{"id":291,"href":"https:\/\/la-malvoisine.fr\/index.php?rest_route=\/wp\/v2\/pages\/96\/revisions\/291"}],"wp:attachment":[{"href":"https:\/\/la-malvoisine.fr\/index.php?rest_route=%2Fwp%2Fv2%2Fmedia&parent=96"}],"curies":[{"name":"wp","href":"https:\/\/api.w.org\/{rel}","templated":true}]}}