{"id":229,"date":"2021-04-26T19:12:29","date_gmt":"2021-04-26T17:12:29","guid":{"rendered":"http:\/\/la-malvoisine.fr\/?page_id=229"},"modified":"2024-06-14T11:20:28","modified_gmt":"2024-06-14T09:20:28","slug":"en-savoir-plus","status":"publish","type":"page","link":"https:\/\/la-malvoisine.fr\/?page_id=229","title":{"rendered":"L&rsquo;histoire"},"content":{"rendered":"\n<p><strong>Une histoire familiale \/\/<\/strong><br>Chez les R\u00e9ty, le cidre au m\u00eame titre que les cr\u00eapes du samedi midi, c\u2019est une histoire qui se transmet. C\u2019est pourquoi en 2019, Alain a d\u00e9cid\u00e9 de faire une reconversion professionnelle et de se lancer dans l\u2019\u00e9laboration de cidre, de jus de pommes et de vinaigre.<br>Et \u00e9videment en BIO !<\/p>\n\n\n\n<figure class=\"wp-block-gallery columns-3 is-cropped wp-block-gallery-1 is-layout-flex wp-block-gallery-is-layout-flex\"><ul class=\"blocks-gallery-grid\"><li class=\"blocks-gallery-item\"><figure><img loading=\"lazy\" decoding=\"async\" width=\"772\" height=\"1024\" src=\"http:\/\/la-malvoisine.fr\/wp-content\/uploads\/2020\/05\/Screenshot_20200402-113309_Gallery-772x1024.jpg\" alt=\"\" data-id=\"138\" data-full-url=\"http:\/\/la-malvoisine.fr\/wp-content\/uploads\/2020\/05\/Screenshot_20200402-113309_Gallery.jpg\" data-link=\"http:\/\/la-malvoisine.fr\/?attachment_id=138\" class=\"wp-image-138\" srcset=\"https:\/\/la-malvoisine.fr\/wp-content\/uploads\/2020\/05\/Screenshot_20200402-113309_Gallery-772x1024.jpg 772w, https:\/\/la-malvoisine.fr\/wp-content\/uploads\/2020\/05\/Screenshot_20200402-113309_Gallery-226x300.jpg 226w, https:\/\/la-malvoisine.fr\/wp-content\/uploads\/2020\/05\/Screenshot_20200402-113309_Gallery-768x1018.jpg 768w, https:\/\/la-malvoisine.fr\/wp-content\/uploads\/2020\/05\/Screenshot_20200402-113309_Gallery.jpg 1080w\" sizes=\"auto, (max-width: 767px) 89vw, (max-width: 1000px) 54vw, (max-width: 1071px) 543px, 580px\" \/><\/figure><\/li><li class=\"blocks-gallery-item\"><figure><img loading=\"lazy\" decoding=\"async\" width=\"1024\" height=\"683\" src=\"http:\/\/la-malvoisine.fr\/wp-content\/uploads\/2021\/04\/IMG_2759-1024x683.jpg\" alt=\"\" data-id=\"239\" data-full-url=\"http:\/\/la-malvoisine.fr\/wp-content\/uploads\/2021\/04\/IMG_2759.jpg\" data-link=\"http:\/\/la-malvoisine.fr\/?attachment_id=239\" class=\"wp-image-239\" srcset=\"https:\/\/la-malvoisine.fr\/wp-content\/uploads\/2021\/04\/IMG_2759-1024x683.jpg 1024w, https:\/\/la-malvoisine.fr\/wp-content\/uploads\/2021\/04\/IMG_2759-300x200.jpg 300w, https:\/\/la-malvoisine.fr\/wp-content\/uploads\/2021\/04\/IMG_2759-768x512.jpg 768w, https:\/\/la-malvoisine.fr\/wp-content\/uploads\/2021\/04\/IMG_2759.jpg 1155w\" sizes=\"auto, (max-width: 767px) 89vw, (max-width: 1000px) 54vw, (max-width: 1071px) 543px, 580px\" \/><\/figure><\/li><li class=\"blocks-gallery-item\"><figure><img loading=\"lazy\" decoding=\"async\" width=\"622\" height=\"829\" src=\"http:\/\/la-malvoisine.fr\/wp-content\/uploads\/2021\/04\/IMG-20191022-WA0006.jpg\" alt=\"\" data-id=\"248\" data-full-url=\"http:\/\/la-malvoisine.fr\/wp-content\/uploads\/2021\/04\/IMG-20191022-WA0006.jpg\" data-link=\"http:\/\/la-malvoisine.fr\/?attachment_id=248\" class=\"wp-image-248\" srcset=\"https:\/\/la-malvoisine.fr\/wp-content\/uploads\/2021\/04\/IMG-20191022-WA0006.jpg 622w, https:\/\/la-malvoisine.fr\/wp-content\/uploads\/2021\/04\/IMG-20191022-WA0006-225x300.jpg 225w\" sizes=\"auto, (max-width: 622px) 100vw, 622px\" \/><\/figure><\/li><\/ul><\/figure>\n\n\n\n<p><strong>Une r\u00e9habilitation \/\/<\/strong><br>La transformation en cave d\u2019un b\u00e2timent familial, construit en 1905, a \u00e9t\u00e9 une \u00e9tape cl\u00e9 du projet. Alain a \u00e9galement \u00e0 c\u0153ur d\u2019entretenir ses vergers, compos\u00e9s d\u2019anciennes vari\u00e9t\u00e9s locales plant\u00e9es entre 1960 et 1980.<br>Il souhaite retrouver des vari\u00e9t\u00e9s anciennes du terroir Breton et les planter proches de la cidrerie. Toutes les pommes sont r\u00e9colt\u00e9es dans un rayon de 30 km autour de la cidrerie, pour assurer une production suffi sante de pommes tous les ans. Cela permet \u00e9galement de limiter l\u2019impact carbone !<\/p>\n\n\n\n<p><strong>Une \u00e9quipe du tonnerre \/\/<\/strong><br>\u00catre bien entour\u00e9 est essentiel : famille, amis et professionnels accompagnent le projet. Alain R\u00e9ty s\u2019est notamment rapproch\u00e9 de Mathieu Havard, oenologue \u00e0 la Chambre d\u2019Agriculture de Bretagne, qui lui a partag\u00e9 ses connaissances sur les techniques de fabrication et les vari\u00e9t\u00e9s des pommes.<br>L\u2019objectif est de cr\u00e9er de meilleurs assemblages pour un cidre, un jus de pommes et un vinaigre de qualit\u00e9.<\/p>\n\n\n\n<figure class=\"wp-block-gallery columns-0 is-cropped wp-block-gallery-2 is-layout-flex wp-block-gallery-is-layout-flex\"><ul class=\"blocks-gallery-grid\"><\/ul><\/figure>\n","protected":false},"excerpt":{"rendered":"<p>Une histoire familiale \/\/Chez les R\u00e9ty, le cidre au m\u00eame titre que les cr\u00eapes du samedi midi, c\u2019est une histoire qui se transmet. C\u2019est pourquoi en 2019, Alain a d\u00e9cid\u00e9 de faire une reconversion professionnelle et de se lancer dans l\u2019\u00e9laboration de cidre, de jus de pommes et de vinaigre.Et \u00e9videment en BIO ! Une &hellip; <\/p>\n<p class=\"link-more\"><a href=\"https:\/\/la-malvoisine.fr\/?page_id=229\" class=\"more-link\">Continuer la lecture<span class=\"screen-reader-text\"> de &laquo;&nbsp;L&rsquo;histoire&nbsp;&raquo;<\/span><\/a><\/p>\n","protected":false},"author":2,"featured_media":0,"parent":0,"menu_order":0,"comment_status":"closed","ping_status":"closed","template":"","meta":{"footnotes":""},"class_list":["post-229","page","type-page","status-publish","hentry"],"_links":{"self":[{"href":"https:\/\/la-malvoisine.fr\/index.php?rest_route=\/wp\/v2\/pages\/229","targetHints":{"allow":["GET"]}}],"collection":[{"href":"https:\/\/la-malvoisine.fr\/index.php?rest_route=\/wp\/v2\/pages"}],"about":[{"href":"https:\/\/la-malvoisine.fr\/index.php?rest_route=\/wp\/v2\/types\/page"}],"author":[{"embeddable":true,"href":"https:\/\/la-malvoisine.fr\/index.php?rest_route=\/wp\/v2\/users\/2"}],"replies":[{"embeddable":true,"href":"https:\/\/la-malvoisine.fr\/index.php?rest_route=%2Fwp%2Fv2%2Fcomments&post=229"}],"version-history":[{"count":7,"href":"https:\/\/la-malvoisine.fr\/index.php?rest_route=\/wp\/v2\/pages\/229\/revisions"}],"predecessor-version":[{"id":305,"href":"https:\/\/la-malvoisine.fr\/index.php?rest_route=\/wp\/v2\/pages\/229\/revisions\/305"}],"wp:attachment":[{"href":"https:\/\/la-malvoisine.fr\/index.php?rest_route=%2Fwp%2Fv2%2Fmedia&parent=229"}],"curies":[{"name":"wp","href":"https:\/\/api.w.org\/{rel}","templated":true}]}}